{"id":9703,"date":"2024-03-25T15:54:25","date_gmt":"2024-03-25T15:54:25","guid":{"rendered":"https:\/\/store.pamina.si\/?page_id=9703"},"modified":"2024-03-25T15:56:36","modified_gmt":"2024-03-25T15:56:36","slug":"pravilnik-o-piskotkih","status":"publish","type":"page","link":"https:\/\/store.pamina.si\/en\/pravilnik-o-piskotkih\/","title":{"rendered":"Pravilnik o pi\u0161kotkih"},"content":{"rendered":"<div id='av_section_1'  class='avia-section av-45zkf9z-3d974c72c380b7a144c932a36f791f1f main_color avia-section-default avia-no-border-styling  avia-builder-el-0  avia-builder-el-no-sibling  avia-bg-style-scroll container_wrap sidebar_right'  ><div class='container av-section-cont-open' ><main  role=\"main\" itemprop=\"mainContentOfPage\"  class='template-page content  av-content-small alpha units'><div class='post-entry post-entry-type-page post-entry-9703'><div class='entry-content-wrapper clearfix'>\n<div  class='flex_column av-esi387-2da6dcb44832e133a7079e9f33afdd8a av_one_full  avia-builder-el-1  avia-builder-el-no-sibling  first flex_column_div'     ><section  class='av_textblock_section av-lu73ceby-4bd4e78615d311285b122301f6c0eeed'   itemscope=\"itemscope\" itemtype=\"https:\/\/schema.org\/CreativeWork\" ><div class='avia_textblock'  itemprop=\"text\" ><h2>Pravilnik o pi\u0161kotkih<\/h2>\n<p>Ta pravilnik o pi\u0161kotkih je bil nazadnje posodobljen dne 25. 3. 2024 in velja za dr\u017eavljane in zakonite stalne prebivalce Evropskega gospodarskega prostora in \u0160vice.<\/p>\n<h3>1. Uvod<\/h3>\n<p>Na\u0161e spletno mesto <a href=\"https:\/\/store.pamina.si\/en\/\">https:\/\/store.pamina.si<\/a> (v nadaljevanju: \u201cspletno mesto\u201d) uporablja pi\u0161kotke in druge povezane tehnologije (za la\u017eje razumevanje so vse tehnologije imenovane \u201cpi\u0161kotki\u201d). Pi\u0161kotke name\u0161\u010dajo tudi tretje osebe, ki smo jih najeli. V spodnjem dokumentu vas obve\u0161\u010damo o uporabi pi\u0161kotkov na na\u0161em spletnem mestu.<\/p>\n<h3>2. Kaj so pi\u0161kotki?<\/h3>\n<p>Pi\u0161kotek je majhna preprosta datoteka, ki se po\u0161lje skupaj s stranmi tega spletnega mesta in jo brskalnik shrani na trdi disk va\u0161ega ra\u010dunalnika ali druge naprave. V njej shranjene informacije se lahko ob naslednjem obisku vrnejo na na\u0161e stre\u017enike ali na stre\u017enike ustreznih tretjih oseb.<\/p>\n<h3>3. Kaj so skripte?<\/h3>\n<p>Skripta je del programske kode, ki se uporablja za pravilno in interaktivno delovanje na\u0161ega spletnega mesta. Ta koda se izvaja na na\u0161em stre\u017eniku ali v va\u0161i napravi.<\/p>\n<h3>4. Kaj je spletni svetilnik?<\/h3>\n<p>Spletni svetilnik (ali oznaka slikovne to\u010dke) je majhen, neviden ko\u0161\u010dek besedila ali slike na spletnem mestu, ki se uporablja za spremljanje prometa na spletnem mestu. Slednje poteka preko razli\u010dnih spletnih svetilnikov, ki shranjujejo podatke o vas.<\/p>\n<h3>5. Pi\u0161kotki<\/h3>\n<p><strong style=\"color: #000 !important;\">5.1 Tehni\u010dni ali funkcionalni pi\u0161kotki<\/strong><\/p>\n<p>Nekateri pi\u0161kotki zagotavljajo pravilno delovanje dolo\u010denih delov spletnega mesta in va\u0161e uporabni\u0161ke nastavitve. Z namestitvijo funkcionalnih pi\u0161kotkov vam olaj\u0161amo obisk na\u0161ega spletnega mesta. Tako vam ob obisku na\u0161ega spletnega mesta ni treba ve\u010dkrat vna\u0161ati istih podatkov, izdelki pa na primer ostanejo v nakupovalni ko\u0161arici, dokler jih ne pla\u010date. Te pi\u0161kotke lahko namestimo brez va\u0161e privolitve.<\/p>\n<p><strong style=\"color: #000 !important;\">5.2 Pi\u0161kotki za tr\u017eenje\/sledenje<\/strong><\/p>\n<p>Pi\u0161kotki za tr\u017eenje\/sledenje so pi\u0161kotki ali druge oblike lokalnega shranjevanja, ki se uporabljajo za ustvarjanje uporabni\u0161kih profilov za prikazovanje ogla\u0161evanja ali za sledenje uporabniku na tem spletnem mestu ali na ve\u010d spletnih mestih za podobne tr\u017eenjske namene.<\/p>\n<p><strong style=\"color: #000 !important;\">5.3 Dru\u017ebeni mediji<\/strong><\/p>\n<p>Na na\u0161em spletnem mestu smo vklju\u010dili vsebino iz Facebook in Instagram za promocijo spletnih strani (npr. \u201clike\u201d, \u201cpin\u201d) ali deljenje (npr. \u201ctweet\u201d) v dru\u017eabnih omre\u017ejih, kot je Facebook in Instagram. Ta vsebina je vgrajena s kodo, ki izvira iz Facebook in Instagram, in vsebuje pi\u0161kotke. Ta vsebina lahko shranjuje in obdeluje dolo\u010dene informacije za prilagojeno ogla\u0161evanje.<\/p>\n<p>Preberite izjavo o zasebnosti teh dru\u017eabnih omre\u017eij (ki se lahko redno spreminja), da boste izvedeli, kaj po\u010dnejo z va\u0161imi (osebnimi) podatki, ki jih obdelujejo z uporabo teh pi\u0161kotkov. Pridobljeni podatki so \u010dim bolj anonimizirani. Facebook in Instagram se nahajajo v Zdru\u017eenih dr\u017eavah Amerike.<\/p>\n<h3>6. Name\u0161\u010deni pi\u0161kotki<\/h3>\n<\/div><\/section><br \/>\n<section  class='av_textblock_section av-427esxz-2c8799e52a5cafc52be54e843784c3b5'   itemscope=\"itemscope\" itemtype=\"https:\/\/schema.org\/CreativeWork\" ><div class='avia_textblock'  itemprop=\"text\" ><p><strong style=\"color: #000 !important;\">Funkcionalni pi\u0161kotki<\/strong><\/p>\n<\/div><\/section><br \/>\n<div class='avia-data-table-wrap av-40wtf53-ed2b63af2cebcd4064b603dfd59b1d94 avia_responsive_table avia-table-1'><table  class='avia-table avia-data-table avia_pricing_minimal  avia-builder-el-4  el_after_av_textblock  el_before_av_textblock'  itemscope=\"itemscope\" itemtype=\"https:\/\/schema.org\/Table\" ><tbody><tr class=''><td class=''>Storitev<\/td><td class=''>Ime pi\u0161kotka<\/td><td class=''>Doba hranjenja<\/td><td class=''>Opis<\/td><td class=''>Upravitelj<\/td><\/tr><tr class=''><td class=''>Woocommerce<\/td><td class=''>wc_cart_hash_,wc_fragments_, wc_cart_created,<br \/>\nwoocommerce_items_in_cart,<br \/>\nwoocommerce_cart_hash,<br \/>\nwp_woocommerce_session_*<br \/>\n<\/td><td class=''>sejni,<br \/>\ntrajni,<br \/>\nsejni,<br \/>\nsejni,<br \/>\n1 dan,<br \/>\nsejni<\/td><td class=''>Shranite predmete v nakupovalni vozi\u010dek,<br \/>\nShranite izvedena dejanja na spletni strani<\/td><td class=''>Woocommerce<\/td><\/tr><tr class=''><td class=''>Wordpress<\/td><td class=''>WP_PREFERENCES_USER_,<br \/>\nwpEmojiSettingsSupports,<br \/>\nwordpress_test_cookie,<br \/>\nwp_lang,<br \/>\nwp-settings-,<br \/>\nwp-settings-time-,<br \/>\nwordpress_logged_in_<br \/>\n<\/td><td class=''>trajni,<br \/>\nsejni,<br \/>\nsejni,<br \/>\nsejni,<br \/>\ntrajni,<br \/>\n1 leto,<br \/>\ntrajni<\/td><td class=''>Shrani uporabni\u0161ke nastavitve,<br \/>\nShrani podrobnosti brskalnika,<br \/>\nPrebere, ali je mogo\u010de namestiti pi\u0161kotke,<br \/>\nShrani jezikovne nastavitve,<br \/>\nShrani uporabni\u0161ke nastavitve,<br \/>\nShranjevanje prijavljenih uporabnikov<\/td><td class=''>Wordpress<\/td><\/tr><tr class=''><td class=''>Build WooFunnels<\/td><td class=''>wfacp_checkout_page_id<\/td><td class=''>trajni<\/td><td class=''>Build WooFunnels uporabljamo za obdelavo pla\u010dil. <\/td><td class=''>Wisetr Technology Pvt Ltd<\/td><\/tr><tr class=''><td class=''>MailChimp<\/td><td class=''>MCPopupClosed<\/td><td class=''>1 leto<\/td><td class=''>Shrani, \u010de je bilo sporo\u010dilo opu\u0161\u010deno<\/td><td class=''>MailChimp<\/td><\/tr><tr class=''><td class=''>Stripe<\/td><td class=''>__stripe_mid<\/td><td class=''>1 leto<\/td><td class=''>Prepre\u010devanje goljufij<\/td><td class=''>Stripe<\/td><\/tr><tr class=''><td class=''>Complianz<\/td><td class=''>cmplz_functional,<br \/>\ncmplz_preferences,<br \/>\ncmplz_marketing,<br \/>\ncmplz_consented_services<\/td><td class=''>365 dni<\/td><td class=''>Nastavitve soglasja za shranjevanje pi\u0161kotkov<\/td><td class=''>Complianz<\/td><\/tr><tr class=''><td class=''>Facebook<\/td><td class=''>wd,<br \/>\ncsm,<br \/>\nactppresence<\/td><td class=''>1 teden,<br \/>\n90 dni,<br \/>\nsejni<\/td><td class=''>Prebere lo\u010dljivost zaslona,<br \/>\nPrepre\u010devanje goljufij,<br \/>\nShrani in spremlja, ali je zavihek brskalnika aktiven<\/td><td class=''>Meta<\/td><\/tr><\/tbody><\/table><\/div><br \/>\n<section  class='av_textblock_section av-1roo02f-2a9119898d8cccba83c4914de9bc16a7'   itemscope=\"itemscope\" itemtype=\"https:\/\/schema.org\/CreativeWork\" ><div class='avia_textblock'  itemprop=\"text\" ><p><strong style=\"color: #000 !important;\">Ciljni pi\u0161kotki ali pi\u0161kotki tretjih oseb<\/strong><\/p>\n<\/div><\/section><br \/>\n<div class='avia-data-table-wrap av-1qqukwn-ac32052320599a05f1c468f754193c87 avia_responsive_table avia-table-2'><table  class='avia-table avia-data-table avia_pricing_minimal  avia-builder-el-6  el_after_av_textblock  el_before_av_textblock'  itemscope=\"itemscope\" itemtype=\"https:\/\/schema.org\/Table\" ><tbody><tr class=''><td class=''>Storitev<\/td><td class=''>Ime pi\u0161kotka<\/td><td class=''>Doba hranjenja<\/td><td class=''>Opis<\/td><td class=''>Upravitelj<\/td><\/tr><tr class=''><td class=''>Google fonts<\/td><td class=''>Google Fonts API<\/td><td class=''>sejni<\/td><td class=''>Prebere IP naslov uporabnika<\/td><td class=''>Google Fonts<\/td><\/tr><tr class=''><td class=''>Google reCAPTCHA<\/td><td class=''>rc::c,<br \/>\nrc::b,<br \/>\nrc::a<\/td><td class=''>sejni,<br \/>\nsejni,<br \/>\ntrajni<\/td><td class=''>za branje in filtriranje zahtev botov<\/td><td class=''>Google ReCAPTCHA<\/td><\/tr><tr class=''><td class=''>Google Maps <\/td><td class=''>Google Maps API<\/td><td class=''>sejni<\/td><td class=''>Prebere IP naslov uporabnika<\/td><td class=''>Google Maps <\/td><\/tr><tr class=''><td class=''>YouTube<\/td><td class=''>GPS,<br \/>\nVISITOR_INFO1_LIVE,<br \/>\nYSC,<br \/>\nPREF<\/td><td class=''>sejni,<br \/>\n6 mesecev,<br \/>\nsejni,<br \/>\n8 mesecev<\/td><td class=''>Shranjevanje podatkov o lokaciji,<br \/>\nzagotavljajo dostavo oglasov ali ponovno ciljanje,<br \/>\nshranjevanje in sledenje interakciji,<br \/>\nshrani uporabni\u0161ke nastavitve<\/td><td class=''>YouTube<\/td><\/tr><tr class=''><td class=''>Facebook<\/td><td class=''>_fbc,<br \/>\nfbm*,<br \/>\nxs,<br \/>\nfr,<br \/>\nact,<br \/>\n_fbp,<br \/>\ndatr,<br \/>\nc_user,<br \/>\nsb,<br \/>\n*_fbm_<\/td><td class=''>2 leti,<br \/>\n1leto,<br \/>\n3 mesece,<br \/>\n3 mesece,<br \/>\n90 dni,<br \/>\n3 mesece,<br \/>\n2 leti,<br \/>\n30 dni,<br \/>\n2 leti,<br \/>\n1 leto<\/td><td class=''>Shrani podrobnosti ra\u010duna,<br \/>\nshrani edinstven ID seje,<br \/>\nzagotavljajo dostavo oglasov ali ponovno ciljanje,<br \/>\nshranjuje prijavljene uporabnike,<br \/>\nshranjuje in spremlja obiske na spletnih mestih,<br \/>\nzagotavlja prepre\u010devanja goljufij,<br \/>\nshrani edinstven ID uporabnika,<br \/>\nshrani podrobnosti brskalnika,<br \/>\nshrani podrobnosti ra\u010duna<\/td><td class=''>Meta<\/td><\/tr><\/tbody><\/table><\/div><br \/>\n<section  class='av_textblock_section av-lu73z17c-c2eac1a4353ceedec50c2291a7a63c4a'   itemscope=\"itemscope\" itemtype=\"https:\/\/schema.org\/CreativeWork\" ><div class='avia_textblock'  itemprop=\"text\" ><h3>7. Soglasje<\/h3>\n<p>Ko prvi\u010d obi\u0161\u010dete na\u0161e spletno mesto, se prika\u017ee pojavno okno z razlago o pi\u0161kotkih. S klikom na \u201cShranjevanje nastavitev\u201d sogla\u0161ate, da uporabljamo kategorije pi\u0161kotkov in vti\u010dnikov, ki ste jih izbrali v pojavnem oknu, kot je opisano v tem pravilniku o pi\u0161kotkih. Uporabo pi\u0161kotkov lahko prek brskalnika onemogo\u010dite, vendar upo\u0161tevajte, da na\u0161e spletno mesto morda ne bo ve\u010d delovalo pravilno.<\/p>\n<p><strong style=\"color: #000 !important;\">Funkcionalni pi\u0161kotki so vedno omogo\u010deni<\/strong><br \/>\nTehni\u010dna hramba ali dostop sta nujno potrebna za zakonit namen omogo\u010danja uporabe dolo\u010dene storitve, ki jo naro\u010dnik ali uporabnik izrecno zahteva, ali izklju\u010dno za namen prenosa sporo\u010dila prek elektronskega komunikacijskega omre\u017eja.<\/p>\n<p><strong style=\"color: #000 !important;\">Ogla\u0161evanje\/tr\u017eenje:<\/strong><br \/>\nTehni\u010dno shranjevanje ali dostop je potreben za ustvarjanje uporabni\u0161kih profilov za po\u0161iljanje ogla\u0161evanja ali za sledenje uporabniku na spletnem mestu ali na ve\u010d spletnih mestih za podobne tr\u017eenjske namene.<\/p>\n<h3>8. Omogo\u010danje\/izklju\u010devanje in brisanje pi\u0161kotkov<\/h3>\n<p>V spletnem brskalniku lahko pi\u0161kotke samodejno ali ro\u010dno izbri\u0161ete. Dolo\u010dite lahko tudi, da se dolo\u010deni pi\u0161kotki ne smejo namestiti. Druga mo\u017enost je, da spremenite nastavitve svojega internetnega brskalnika tako, da boste ob vsaki namestitvi pi\u0161kotka prejeli sporo\u010dilo. Ve\u010d informacij o teh mo\u017enostih najdete v navodilih v razdelku Pomo\u010d va\u0161ega brskalnika.<\/p>\n<p>Upo\u0161tevajte, da na\u0161e spletno mesto morda ne bo delovalo pravilno, \u010de so onemogo\u010deni vsi pi\u0161kotki. \u010ce v brskalniku izbri\u0161ete pi\u0161kotke, se bodo po va\u0161em soglasju ponovno namestili, ko ponovno obi\u0161\u010dete na\u0161e spletne strani.<\/p>\n<p><strong style=\"color: #000 !important;\">Kako bri\u0161emo\/onemogo\u010dimo pi\u0161kotke?<\/strong><\/p>\n<p>Vse pi\u0161kotke lahko na va\u0161i napravi izbri\u0161ete ali onemogo\u010dite v va\u0161em spletnem brskalniku. V spodnjih povezavah si lahko preberete, kako upravljate z pi\u0161kotki v va\u0161em brskalniku.<\/p>\n<p><a href=\"https:\/\/support.microsoft.com\/en-gb\/windows\/delete-and-manage-cookies-168dab11-0753-043d-7c16-ede5947fc64d\" target=\"_blank\" rel=\"noopener\">Internet Explorer 7 in 8<\/a><br \/>\n<a href=\"https:\/\/support.microsoft.com\/en-us\/windows?ui=en-US&amp;rs=en-GB&amp;ad=GB\" target=\"_blank\" rel=\"noopener\">Internet Explorer 9<\/a><br \/>\n<a href=\"https:\/\/support.mozilla.org\/sl\/kb\/izboljsana-zascita-pred-sledenjem?redirectlocale=sl&amp;redirectslug=kako-omogocite-onemogocite-piskotke\" target=\"_blank\" rel=\"noopener\">Firefox<\/a><br \/>\n<a href=\"https:\/\/support.google.com\/chrome\/answer\/95647?hl=sl-sl&amp;p=cpn_cookies\" target=\"_blank\" rel=\"noopener\">Chrome<\/a><br \/>\n<a href=\"https:\/\/support.apple.com\/en-gb\/guide\/safari\/sfri11471\/mac\" target=\"_blank\" rel=\"noopener\">Safari<\/a><br \/>\n<a href=\"https:\/\/help.opera.com\/en\/latest\/web-preferences\/\" target=\"_blank\" rel=\"noopener\">Opera<\/a><\/p>\n<h3>9. Va\u0161e pravice v zvezi z osebnimi podatki<\/h3>\n<p>V zvezi s svojimi osebnimi podatki imate naslednje pravice:<\/p>\n<ul>\n<li>Pravico imate vedeti, zakaj so va\u0161i osebni podatki potrebni, kaj se bo z njimi zgodilo in koliko \u010dasa bodo shranjeni.<\/li>\n<li>Pravica do dostopa: Imate pravico do dostopa do svojih osebnih podatkov, ki so nam znani.<\/li>\n<li>Pravica do popravka: kadar koli \u017eelite, imate pravico do dopolnitve, popravka, izbrisa ali blokiranja svojih osebnih podatkov.<\/li>\n<li>\u010ce ste nam dali soglasje za obdelavo va\u0161ih podatkov, imate pravico do preklica tega soglasja in izbrisa va\u0161ih osebnih podatkov.<\/li>\n<li>Pravica do prenosa podatkov: od upravljavca imate pravico zahtevati vse svoje osebne podatke in jih v celoti prenesti k drugemu upravljavcu.<\/li>\n<li>Pravica do ugovora: ugovarjate lahko obdelavi svojih podatkov. To upo\u0161tevamo, razen \u010de obstajajo upravi\u010deni razlogi za obdelavo.<\/li>\n<\/ul>\n<p>\u010ce \u017eelite uveljavljati te pravice, se obrnite na nas. Oglejte si kontaktne podatke na koncu tega pravilnika o pi\u0161kotkih. \u010ce se prito\u017eite glede tega, kako ravnamo z va\u0161imi podatki, bomo veseli va\u0161ega odgovora, imate pa tudi pravico, da vlo\u017eite prito\u017ebo pri nadzornem organu (organu za varstvo podatkov).<\/p>\n<h3>10. Kontaktni podatki<\/h3>\n<p>Za vpra\u0161anja in\/ali komentarje o na\u0161em pravilniku o pi\u0161kotkih in tej izjavi se obrnite na nas z naslednjimi kontaktnimi podatki:<\/p>\n<p>Pamina izobra\u017ezevanje d.o.o.<br \/>\nJadranska cesta 23,<br \/>\n2000 Maribor<br \/>\nSlovenija<br \/>\nSpletna stran: <a href=\"https:\/\/store.pamina.si\/en\/\">https:\/\/store.pamina.si<\/a><br \/>\nElektronska po\u0161ta: <a href=\"mailto:store@pamina.si\" target=\"_blank\" rel=\"noopener\">store@pamina.si<\/a><\/p>\n<p>Ta pravilnik o pi\u0161kotkih je bil sinhroniziran z cookiedatabase.org dne 25. 3. 2024.<\/p>\n<\/div><\/section><\/p><\/div><\/div><\/div><\/main><!-- close content main element --><\/div><\/div><div id='after_section_1'  class='main_color av_default_container_wrap container_wrap sidebar_right'  ><div class='container av-section-cont-open' ><div class='template-page content  av-content-small alpha units'><div class='post-entry post-entry-type-page post-entry-9703'><div class='entry-content-wrapper clearfix'>","protected":false},"excerpt":{"rendered":"","protected":false},"author":1,"featured_media":0,"parent":0,"menu_order":0,"comment_status":"closed","ping_status":"closed","template":"","meta":{"inline_featured_image":false,"footnotes":""},"class_list":["post-9703","page","type-page","status-publish","hentry"],"_links":{"self":[{"href":"https:\/\/store.pamina.si\/en\/wp-json\/wp\/v2\/pages\/9703","targetHints":{"allow":["GET"]}}],"collection":[{"href":"https:\/\/store.pamina.si\/en\/wp-json\/wp\/v2\/pages"}],"about":[{"href":"https:\/\/store.pamina.si\/en\/wp-json\/wp\/v2\/types\/page"}],"author":[{"embeddable":true,"href":"https:\/\/store.pamina.si\/en\/wp-json\/wp\/v2\/users\/1"}],"replies":[{"embeddable":true,"href":"https:\/\/store.pamina.si\/en\/wp-json\/wp\/v2\/comments?post=9703"}],"version-history":[{"count":4,"href":"https:\/\/store.pamina.si\/en\/wp-json\/wp\/v2\/pages\/9703\/revisions"}],"predecessor-version":[{"id":9707,"href":"https:\/\/store.pamina.si\/en\/wp-json\/wp\/v2\/pages\/9703\/revisions\/9707"}],"wp:attachment":[{"href":"https:\/\/store.pamina.si\/en\/wp-json\/wp\/v2\/media?parent=9703"}],"curies":[{"name":"wp","href":"https:\/\/api.w.org\/{rel}","templated":true}]}}